{"id":99,"date":"2013-04-22T14:04:40","date_gmt":"2013-04-22T12:04:40","guid":{"rendered":"http:\/\/www.ibl-bildung.de\/ibl-bildung\/?page_id=99"},"modified":"2016-11-29T15:05:46","modified_gmt":"2016-11-29T13:05:46","slug":"unternehmen","status":"publish","type":"page","link":"https:\/\/www.ibl-hiebl.de\/?page_id=99","title":{"rendered":"\u00dcber uns"},"content":{"rendered":"<p align=\"justify\">Das Institut f\u00fcr Berufsbildung und Lerntechnik Peter Hiebl ist seit seiner Gr\u00fcndung im Jahr 1991 auf dem Gebiet der beruflichen Bildung t\u00e4tig. Den Schwerpunkt bildet dabei der kaufm\u00e4nnische Bereich und der IT-Bereich.<\/p>\n<p>Ein p\u00e4dagogisch geschultes und praxiserfahrenes Dozententeam steht Ihnen w\u00e4hrend der Weiterbildung zur Verf\u00fcgung.<\/p>\n<p><strong>Weitere Informationen finden Sie in den nachfolgenden Bereichen:<br \/>\n<\/strong><\/p>\n<p><strong>Leitbild\u00a0\u00a0 <a href=\"https:\/\/www.ibl-hiebl.de\/?page_id=119\"><span style=\"color: #3366ff;\">&gt;&gt;&gt; Weitere Informationen<\/span><\/a><\/strong><\/p>\n<p><strong>R\u00e4ume\u00a0 <a href=\"https:\/\/www.ibl-hiebl.de\/?page_id=105\"><span style=\"color: #3366ff;\">&gt;&gt;&gt; Weitere Informationen<\/span><\/a><\/strong><\/p>\n<p><strong>Lehrpersonal\u00a0 <a href=\"https:\/\/www.ibl-hiebl.de\/?page_id=146\"><span style=\"color: #3366ff;\">&gt;&gt;&gt; Weitere Informationen<\/span><\/a><\/strong><\/p>\n<p><strong>Zertifizierungen\u00a0 <a href=\"https:\/\/www.ibl-hiebl.de\/?page_id=232\"><span style=\"color: #3366ff;\">&gt;&gt;&gt; Weitere Informationen<\/span><\/a><\/strong><\/p>\n<p><strong>Stellenangebote\u00a0 <a href=\"https:\/\/www.ibl-hiebl.de\/?page_id=112\"><span style=\"color: #3366ff;\">&gt;&gt;&gt; Weitere Informationen<\/span><\/a><\/strong><\/p>\n<p>&nbsp;<\/p>\n","protected":false},"excerpt":{"rendered":"<p>Das Institut f\u00fcr Berufsbildung und Lerntechnik Peter Hiebl ist seit seiner Gr\u00fcndung im Jahr 1991 auf dem Gebiet der beruflichen Bildung t\u00e4tig. Den Schwerpunkt bildet dabei der kaufm\u00e4nnische Bereich und der IT-Bereich. Ein p\u00e4dagogisch geschultes und praxiserfahrenes Dozententeam steht Ihnen &hellip; <a href=\"https:\/\/www.ibl-hiebl.de\/?page_id=99\">Weiterlesen <span class=\"meta-nav\">&rarr;<\/span><\/a><\/p>\n","protected":false},"author":1,"featured_media":0,"parent":0,"menu_order":1,"comment_status":"closed","ping_status":"closed","template":"","meta":{"footnotes":""},"class_list":["post-99","page","type-page","status-publish","hentry"],"_links":{"self":[{"href":"https:\/\/www.ibl-hiebl.de\/index.php?rest_route=\/wp\/v2\/pages\/99","targetHints":{"allow":["GET"]}}],"collection":[{"href":"https:\/\/www.ibl-hiebl.de\/index.php?rest_route=\/wp\/v2\/pages"}],"about":[{"href":"https:\/\/www.ibl-hiebl.de\/index.php?rest_route=\/wp\/v2\/types\/page"}],"author":[{"embeddable":true,"href":"https:\/\/www.ibl-hiebl.de\/index.php?rest_route=\/wp\/v2\/users\/1"}],"replies":[{"embeddable":true,"href":"https:\/\/www.ibl-hiebl.de\/index.php?rest_route=%2Fwp%2Fv2%2Fcomments&post=99"}],"version-history":[{"count":21,"href":"https:\/\/www.ibl-hiebl.de\/index.php?rest_route=\/wp\/v2\/pages\/99\/revisions"}],"predecessor-version":[{"id":2172,"href":"https:\/\/www.ibl-hiebl.de\/index.php?rest_route=\/wp\/v2\/pages\/99\/revisions\/2172"}],"wp:attachment":[{"href":"https:\/\/www.ibl-hiebl.de\/index.php?rest_route=%2Fwp%2Fv2%2Fmedia&parent=99"}],"curies":[{"name":"wp","href":"https:\/\/api.w.org\/{rel}","templated":true}]}}