{"id":831,"date":"2013-06-10T07:35:18","date_gmt":"2013-06-10T05:35:18","guid":{"rendered":"http:\/\/www.ibl-hiebl.de\/cms\/?page_id=831"},"modified":"2021-07-30T10:37:11","modified_gmt":"2021-07-30T08:37:11","slug":"geforderte-kurse","status":"publish","type":"page","link":"https:\/\/www.ibl-hiebl.de\/?page_id=831","title":{"rendered":"Gef\u00f6rderte Kurse"},"content":{"rendered":"<p><b>Wir bieten Weiterbildungsma\u00dfnahmen an, die durch die Bundesagentur f\u00fcr Arbeit bzw. Job-Center gef\u00f6rdert werden k\u00f6nnen.<\/b><\/p>\n<p><strong><span style=\"font-family: Arial,;\"><br \/>\n<strong>F\u00f6rderm\u00f6glichkeiten:<\/strong><\/span><\/strong><br \/>\n<span style=\"font-family: Arial,;\"><a href=\"https:\/\/www.ibl-hiebl.de\/?page_id=433\">&gt;&gt; Weitere Informationen<\/a><\/span><strong><span style=\"font-family: Times New Roman; font-size: medium;\"><br \/>\n<\/span><\/strong><\/p>\n<p><strong>Bereich Schwandorf:<\/strong><\/p>\n<p><strong><a href=\"https:\/\/www.ibl-hiebl.de\/?page_id=278\">Gepr\u00fcfte\/r Verwaltungsmanager\/in (IBL) &#8211; Teilzeit in Schwandorf<\/a><\/strong><\/p>\n","protected":false},"excerpt":{"rendered":"<p>Wir bieten Weiterbildungsma\u00dfnahmen an, die durch die Bundesagentur f\u00fcr Arbeit bzw. Job-Center gef\u00f6rdert werden k\u00f6nnen. F\u00f6rderm\u00f6glichkeiten: &gt;&gt; Weitere Informationen Bereich Schwandorf: Gepr\u00fcfte\/r Verwaltungsmanager\/in (IBL) &#8211; Teilzeit in Schwandorf<\/p>\n","protected":false},"author":1,"featured_media":0,"parent":611,"menu_order":0,"comment_status":"closed","ping_status":"closed","template":"","meta":{"footnotes":""},"class_list":["post-831","page","type-page","status-publish","hentry"],"_links":{"self":[{"href":"https:\/\/www.ibl-hiebl.de\/index.php?rest_route=\/wp\/v2\/pages\/831","targetHints":{"allow":["GET"]}}],"collection":[{"href":"https:\/\/www.ibl-hiebl.de\/index.php?rest_route=\/wp\/v2\/pages"}],"about":[{"href":"https:\/\/www.ibl-hiebl.de\/index.php?rest_route=\/wp\/v2\/types\/page"}],"author":[{"embeddable":true,"href":"https:\/\/www.ibl-hiebl.de\/index.php?rest_route=\/wp\/v2\/users\/1"}],"replies":[{"embeddable":true,"href":"https:\/\/www.ibl-hiebl.de\/index.php?rest_route=%2Fwp%2Fv2%2Fcomments&post=831"}],"version-history":[{"count":25,"href":"https:\/\/www.ibl-hiebl.de\/index.php?rest_route=\/wp\/v2\/pages\/831\/revisions"}],"predecessor-version":[{"id":2649,"href":"https:\/\/www.ibl-hiebl.de\/index.php?rest_route=\/wp\/v2\/pages\/831\/revisions\/2649"}],"up":[{"embeddable":true,"href":"https:\/\/www.ibl-hiebl.de\/index.php?rest_route=\/wp\/v2\/pages\/611"}],"wp:attachment":[{"href":"https:\/\/www.ibl-hiebl.de\/index.php?rest_route=%2Fwp%2Fv2%2Fmedia&parent=831"}],"curies":[{"name":"wp","href":"https:\/\/api.w.org\/{rel}","templated":true}]}}