{"id":433,"date":"2013-04-25T14:04:51","date_gmt":"2013-04-25T12:04:51","guid":{"rendered":"http:\/\/www.ibl-bildung.de\/ibl-bildung\/?page_id=433"},"modified":"2017-10-26T09:08:30","modified_gmt":"2017-10-26T07:08:30","slug":"fordermoglichkeiten","status":"publish","type":"page","link":"https:\/\/www.ibl-hiebl.de\/?page_id=433","title":{"rendered":"F\u00f6rderm\u00f6glichkeiten"},"content":{"rendered":"<div class=\"entry-content\">\n<p><strong>Arbeitsagentur\/Jobcenter <\/strong><b><br \/>\n<\/b>Bei Erf\u00fcllung der Voraussetzungen kann die Bundesagentur f\u00fcr Arbeit bzw. das Job-Center durch die Ausstellung eines Bildungsgutscheins z. B. die Lehrgangskosten f\u00f6rdern.<br \/>\n<strong><i>Weitere Infos: <a href=\"https:\/\/www.arbeitsagentur.de\/web\/content\/DE\/BuergerinnenUndBuerger\/Weiterbildung\/Foerdermoeglichkeiten\/index.htm\" target=\"_blank\" rel=\"noopener\">www.arbeitsagentur.de<\/a><\/i><\/strong><\/p>\n<p><strong>BAF\u00d6G<\/strong><b><br \/>\n<\/b>N\u00e4here Ausk\u00fcnfte erteilt Ihnen das f\u00fcr Sie zust\u00e4ndige Landratsamt.<\/p>\n<p><strong>Bildungskredit der Bundesregierung<\/strong><b><br \/>\n<\/b>Das Bildungskreditprogramm bietet Sch\u00fclerinnen und Sch\u00fclern sowie Studierenden in fortgeschrittenen Ausbildungsphasen die M\u00f6glichkeit, einen einfachen, zinsg\u00fcnstigen flexibel anpassbaren Kredit unabh\u00e4ngig von Verm\u00f6gen und Einkommen zu erhalten.<br \/>\n<strong><i>Weitere Infos: <a href=\"http:\/\/www.bva.bund.de\/DE\/Organisation\/Abteilungen\/Abteilung_BT\/Bildungskredit\/010_Vergabe_von_Bildungskrediten\/003_Schueler\/schueler_inhalt.html\" target=\"_blank\" rel=\"noopener\">www.bva.bund.de<\/a><\/i><\/strong><\/p>\n<p><strong>Berufsf\u00f6rderungsdienst der Bundeswehr (BFD)<\/strong><b><br \/>\n<\/b>Der Berufsf\u00f6rderungsdienst (BFD) unterst\u00fctzt die schulische und berufliche Bildung der Soldaten\/-innen . Er hilft ausscheidenden Soldaten\/-innen auf Zeit (SaZ) erfolgreich bei der Eingliederung in einen Zivilberuf und er\u00f6ffnet ihnen die Chance zu einem beruflichen und sozialen Aufstieg.<br \/>\n<strong><i>Weitere Infos: <a href=\"http:\/\/www.personal.bundeswehr.de\/portal\/a\/pers\/start\/bfd\/%21ut\/p\/z1\/04_Sj9CPykssy0xPLMnMz0vMAfIjo8zinSx8QnyMLI2MQsyMXAwcAxydPE3dXI0MLA30wwkpiAJKG-AAjgb6wSmp-pFAM8xxm2GqH6wfpR-VlViWWKFXkF9UkpNaopeYDHKhfmRGYl5KTmpAfrIjRKAgN6LcoNxREQARG35D\/dz\/d5\/L2dBISEvZ0FBIS9nQSEh\/#Z7_B8LTL2922T62D0APABI5FE2095\" target=\"_blank\" rel=\"noopener\">http:\/\/www.personal.bundeswehr.de<\/a><\/i><\/strong><\/p>\n<p><strong>Bildungspr\u00e4mie<\/strong><b><br \/>\n<\/b>Das Bundesministerium f\u00fcr Bildung und Forschung (BMBF) unterst\u00fctzt individuelle berufliche Weiterbildungsma\u00dfnahmen.<br \/>\n<strong><i>Weitere Infos: <a href=\"http:\/\/www.bildungspraemie.info\/\" target=\"_blank\" rel=\"noopener\">www.bildungspraemie.info<\/a><\/i><\/strong><\/p>\n<p><strong>Finanzamt\/Steuern<\/strong><br \/>\nBeruflich bedingte Fort- und Weiterbildungskosten k\u00f6nnen bei Erf\u00fcllung der erforderlichen Voraussetzungen als Werbungskosten nach \u00a7 9\u00a0 EStG in der Steuererkl\u00e4rung geltend gemacht werden.<strong><br \/>\n<\/strong><strong><i>Weitere Infos: <a href=\"http:\/\/www.finanzamt.bayern.de\/Informationen\/Steuerinfos\/Broschueren\/\" target=\"_blank\" rel=\"noopener\">Brosch\u00fcre Bayerisches Staatsministerium der Finanzen<\/a>\u00a0 <\/i><\/strong><\/p>\n<\/div>\n","protected":false},"excerpt":{"rendered":"<p>Arbeitsagentur\/Jobcenter Bei Erf\u00fcllung der Voraussetzungen kann die Bundesagentur f\u00fcr Arbeit bzw. das Job-Center durch die Ausstellung eines Bildungsgutscheins z. B. die Lehrgangskosten f\u00f6rdern. Weitere Infos: www.arbeitsagentur.de BAF\u00d6G N\u00e4here Ausk\u00fcnfte erteilt Ihnen das f\u00fcr Sie zust\u00e4ndige Landratsamt. Bildungskredit der Bundesregierung Das &hellip; <a href=\"https:\/\/www.ibl-hiebl.de\/?page_id=433\">Weiterlesen <span class=\"meta-nav\">&rarr;<\/span><\/a><\/p>\n","protected":false},"author":1,"featured_media":0,"parent":422,"menu_order":1,"comment_status":"closed","ping_status":"closed","template":"","meta":{"footnotes":""},"class_list":["post-433","page","type-page","status-publish","hentry"],"_links":{"self":[{"href":"https:\/\/www.ibl-hiebl.de\/index.php?rest_route=\/wp\/v2\/pages\/433","targetHints":{"allow":["GET"]}}],"collection":[{"href":"https:\/\/www.ibl-hiebl.de\/index.php?rest_route=\/wp\/v2\/pages"}],"about":[{"href":"https:\/\/www.ibl-hiebl.de\/index.php?rest_route=\/wp\/v2\/types\/page"}],"author":[{"embeddable":true,"href":"https:\/\/www.ibl-hiebl.de\/index.php?rest_route=\/wp\/v2\/users\/1"}],"replies":[{"embeddable":true,"href":"https:\/\/www.ibl-hiebl.de\/index.php?rest_route=%2Fwp%2Fv2%2Fcomments&post=433"}],"version-history":[{"count":11,"href":"https:\/\/www.ibl-hiebl.de\/index.php?rest_route=\/wp\/v2\/pages\/433\/revisions"}],"predecessor-version":[{"id":2305,"href":"https:\/\/www.ibl-hiebl.de\/index.php?rest_route=\/wp\/v2\/pages\/433\/revisions\/2305"}],"up":[{"embeddable":true,"href":"https:\/\/www.ibl-hiebl.de\/index.php?rest_route=\/wp\/v2\/pages\/422"}],"wp:attachment":[{"href":"https:\/\/www.ibl-hiebl.de\/index.php?rest_route=%2Fwp%2Fv2%2Fmedia&parent=433"}],"curies":[{"name":"wp","href":"https:\/\/api.w.org\/{rel}","templated":true}]}}