{"id":422,"date":"2013-04-25T13:54:11","date_gmt":"2013-04-25T11:54:11","guid":{"rendered":"http:\/\/www.ibl-bildung.de\/ibl-bildung\/?page_id=422"},"modified":"2017-03-23T16:45:36","modified_gmt":"2017-03-23T14:45:36","slug":"nutzerwert","status":"publish","type":"page","link":"https:\/\/www.ibl-hiebl.de\/?page_id=422","title":{"rendered":"Service"},"content":{"rendered":"<p><img loading=\"lazy\" decoding=\"async\" class=\"alignnone wp-image-1185\" src=\"https:\/\/www.ibl-hiebl.de\/wp-content\/uploads\/2013\/06\/Fotolia_45520452_XS-200x300.jpg\" alt=\"H\u00fcbsche Frau \u00fcberreicht Dokumente\" width=\"115\" height=\"173\" srcset=\"https:\/\/www.ibl-hiebl.de\/wp-content\/uploads\/2013\/06\/Fotolia_45520452_XS-200x300.jpg 200w, https:\/\/www.ibl-hiebl.de\/wp-content\/uploads\/2013\/06\/Fotolia_45520452_XS.jpg 283w\" sizes=\"auto, (max-width: 115px) 100vw, 115px\" \/><\/p>\n<p>Hier finden Sie Informationen zu F\u00f6rderm\u00f6glichkeiten sowie Links zu Online-Stellenb\u00f6rsen.<\/p>\n<p><strong>F\u00f6rderm\u00f6glichkeiten<\/strong><br \/>\n<a href=\"https:\/\/www.ibl-hiebl.de\/?page_id=433\">&gt;&gt; Weitere Informationen<\/a><\/p>\n<p><strong>Online-Stellenangebote<br \/>\n<\/strong><a href=\"https:\/\/www.ibl-hiebl.de\/?page_id=444\">&gt;&gt; Weitere Informationen<\/a><\/p>\n<p>&nbsp;<\/p>\n<p>&nbsp;<\/p>\n<p>&nbsp;<\/p>\n","protected":false},"excerpt":{"rendered":"<p>Hier finden Sie Informationen zu F\u00f6rderm\u00f6glichkeiten sowie Links zu Online-Stellenb\u00f6rsen. F\u00f6rderm\u00f6glichkeiten &gt;&gt; Weitere Informationen Online-Stellenangebote &gt;&gt; Weitere Informationen &nbsp; &nbsp; &nbsp;<\/p>\n","protected":false},"author":1,"featured_media":0,"parent":0,"menu_order":4,"comment_status":"closed","ping_status":"closed","template":"","meta":{"footnotes":""},"class_list":["post-422","page","type-page","status-publish","hentry"],"_links":{"self":[{"href":"https:\/\/www.ibl-hiebl.de\/index.php?rest_route=\/wp\/v2\/pages\/422","targetHints":{"allow":["GET"]}}],"collection":[{"href":"https:\/\/www.ibl-hiebl.de\/index.php?rest_route=\/wp\/v2\/pages"}],"about":[{"href":"https:\/\/www.ibl-hiebl.de\/index.php?rest_route=\/wp\/v2\/types\/page"}],"author":[{"embeddable":true,"href":"https:\/\/www.ibl-hiebl.de\/index.php?rest_route=\/wp\/v2\/users\/1"}],"replies":[{"embeddable":true,"href":"https:\/\/www.ibl-hiebl.de\/index.php?rest_route=%2Fwp%2Fv2%2Fcomments&post=422"}],"version-history":[{"count":12,"href":"https:\/\/www.ibl-hiebl.de\/index.php?rest_route=\/wp\/v2\/pages\/422\/revisions"}],"predecessor-version":[{"id":2209,"href":"https:\/\/www.ibl-hiebl.de\/index.php?rest_route=\/wp\/v2\/pages\/422\/revisions\/2209"}],"wp:attachment":[{"href":"https:\/\/www.ibl-hiebl.de\/index.php?rest_route=%2Fwp%2Fv2%2Fmedia&parent=422"}],"curies":[{"name":"wp","href":"https:\/\/api.w.org\/{rel}","templated":true}]}}