{"id":278,"date":"2020-06-05T08:00:22","date_gmt":"2020-06-05T06:00:22","guid":{"rendered":"http:\/\/www.ibl-bildung.de\/ibl-bildung\/?page_id=278"},"modified":"2023-04-03T08:01:01","modified_gmt":"2023-04-03T06:01:01","slug":"geprufter-verwaltungsmanagerin-bsb","status":"publish","type":"page","link":"https:\/\/www.ibl-hiebl.de\/?page_id=278","title":{"rendered":"Gepr\u00fcfte\/r Verwaltungsmanager\/in (IBL) &#8211; SAD &#8211; Teilzeit"},"content":{"rendered":"<p><strong><span style=\"color: #ff0000;\">Termin verschoben! \u2013 voraussichtlicher Start ca. Oktober 2023<br \/>\n(Wir sind momentan noch in der Abkl\u00e4rungsphase, bevor wir mit der konkreten Planung beginnen k\u00f6nnen.)<\/span><\/strong><br \/>\n<img loading=\"lazy\" decoding=\"async\" class=\"alignleft wp-image-2495\" src=\"https:\/\/www.ibl-hiebl.de\/wp-content\/uploads\/2018\/08\/deckblatt_vm_ab_2018-143x300.jpg\" alt=\"\" width=\"100\" height=\"210\" srcset=\"https:\/\/www.ibl-hiebl.de\/wp-content\/uploads\/2018\/08\/deckblatt_vm_ab_2018-143x300.jpg 143w, https:\/\/www.ibl-hiebl.de\/wp-content\/uploads\/2018\/08\/deckblatt_vm_ab_2018.jpg 302w\" sizes=\"auto, (max-width: 100px) 100vw, 100px\" \/><img loading=\"lazy\" decoding=\"async\" class=\"alignleft wp-image-2269\" src=\"https:\/\/www.ibl-hiebl.de\/wp-content\/uploads\/2016\/04\/anmeldung_arbeitsagentur.jpg\" alt=\"\" width=\"147\" height=\"205\" srcset=\"https:\/\/www.ibl-hiebl.de\/wp-content\/uploads\/2016\/04\/anmeldung_arbeitsagentur.jpg 221w, https:\/\/www.ibl-hiebl.de\/wp-content\/uploads\/2016\/04\/anmeldung_arbeitsagentur-215x300.jpg 215w\" sizes=\"auto, (max-width: 147px) 100vw, 147px\" \/><img loading=\"lazy\" decoding=\"async\" class=\"alignleft wp-image-2270\" src=\"https:\/\/www.ibl-hiebl.de\/wp-content\/uploads\/2016\/04\/anmeldung_selbstzahler.jpg\" alt=\"\" width=\"146\" height=\"205\" srcset=\"https:\/\/www.ibl-hiebl.de\/wp-content\/uploads\/2016\/04\/anmeldung_selbstzahler.jpg 263w, https:\/\/www.ibl-hiebl.de\/wp-content\/uploads\/2016\/04\/anmeldung_selbstzahler-213x300.jpg 213w\" sizes=\"auto, (max-width: 146px) 100vw, 146px\" \/><\/p>\n<p>&nbsp;<\/p>\n<p>&nbsp;<\/p>\n<p>&nbsp;<\/p>\n<p>&nbsp;<\/p>\n<p>&nbsp;<\/p>\n<p><strong>Konzept\/Zielgruppe<\/strong><br \/>\n<a href=\"https:\/\/www.ibl-hiebl.de\/cms\/wp-content\/uploads\/2013\/04\/vm_cha_16_09_13.pdf\"><br \/>\n<\/a>Der Lehrgang richtet sich an Personen aus dem kaufm\u00e4nnischen oder verwaltenden Bereich, die praxisbezogene Kenntnisse und Fertigkeiten erwerben oder ausbauen m\u00f6chten, um sich eine solide Basis f\u00fcr ein erfolgreiches Berufsleben zu schaffen.<\/p>\n<p>Bereiche wie z. B. Digitalisierung (Industrie 4.0) dringen immer weiter in den Arbeitsalltag vor und gewinnen st\u00e4ndig an Bedeutung. In vielen gr\u00f6\u00dferen mittelst\u00e4ndischen Unternehmen ist SAP im Einsatz. Die Teilnehmer sollten daher \u00fcber Grundkenntnisse in der Bedienung eines SAP-Systems verf\u00fcgen, um den Anforderungen der modernen Arbeitswelt gerecht zu werden.<\/p>\n<p>Die fundierte Weiterbildung qualifiziert Sie f\u00fcr eine Assistenzt\u00e4tigkeit im Management. Teilnehmer dieser Weiterbildung k\u00f6nnen als \u201eAllround-Kr\u00e4fte\u201c in B\u00fcro und Verwaltung in Unternehmen \u2013 vom Kleinbetrieb bis zum Gro\u00dfbetrieb und im Bereich der Personaldienstleistung \u2013 eingesetzt werden.<\/p>\n<p>Sie k\u00f6nnen in den Bereichen Sekretariat, Auftragsbearbeitung, Finanzbuchhaltung und Lohnbuchhaltung sowie in der Personalabteilung t\u00e4tig werden.<\/p>\n<p><strong>Zulassungsvoraussetzungen<\/strong><\/p>\n<ul>\n<li>Mittlerer Schulabschluss<\/li>\n<\/ul>\n<p>oder<\/p>\n<ul>\n<li>abgeschlossene Berufsausbildung im kaufm\u00e4nnischen bzw. verwaltenden Bereich<\/li>\n<\/ul>\n<p>oder<\/p>\n<ul>\n<li>keine abgeschlossene Berufsausbildung, aber mindestens 3 Jahre Berufspraxis im kaufm\u00e4nnischen bzw. verwaltenden Bereich<\/li>\n<\/ul>\n<p><strong>Unterrichtsf\u00e4cher<\/strong><\/p>\n<ul>\n<li>Grundlagen der EDV \/ PC-Bedienung<\/li>\n<li>Internet mit E-Commerce<\/li>\n<li>B\u00fcroorganisation \/ E-Mail<\/li>\n<li>Textverarbeitung \/ Korrespondenz<\/li>\n<li>Tabellenkalkulation<\/li>\n<li>Datenbanken<\/li>\n<li>Programm- und Datenverkn\u00fcpfung<\/li>\n<li>Pr\u00e4sentation<\/li>\n<li>Wirtschaftsenglisch<\/li>\n<li>Betriebswirtschaftslehre \/ Rechtliche<\/li>\n<li>Auftragsbearbeitung &#8211; Lexware<\/li>\n<li>Finanzbuchhaltung \u2013 Lexware<\/li>\n<li>Finanzbuchhaltung \u2013 Einf\u00fchrung in DATEV<\/li>\n<li>Lohn- und Gehalt \u2013 Lexware<\/li>\n<li>Lohn- und Gehalt \u2013 Einf\u00fchrung in DATEV<\/li>\n<li>Einf\u00fchrung in SAP<\/li>\n<li>Marketing\/Telefontraining<\/li>\n<li>Personalwesen<\/li>\n<\/ul>\n<p><strong>Lehrgangsdauer\/-umfang<\/strong><\/p>\n<p>Teilzeit\u00a0\u00a0\u00a0\u00a0\u00a0\u00a0 970 Std.<\/p>\n<p><strong><em>Weitere Informationen entnehmen Sie bitte dem Flyer im oberen Bereich dieser Seite.<\/em><\/strong><\/p>\n","protected":false},"excerpt":{"rendered":"<p>Termin verschoben! \u2013 voraussichtlicher Start ca. Oktober 2023 (Wir sind momentan noch in der Abkl\u00e4rungsphase, bevor wir mit der konkreten Planung beginnen k\u00f6nnen.) &nbsp; &nbsp; &nbsp; &nbsp; &nbsp; Konzept\/Zielgruppe Der Lehrgang richtet sich an Personen aus dem kaufm\u00e4nnischen oder verwaltenden &hellip; <a href=\"https:\/\/www.ibl-hiebl.de\/?page_id=278\">Weiterlesen <span class=\"meta-nav\">&rarr;<\/span><\/a><\/p>\n","protected":false},"author":1,"featured_media":0,"parent":73,"menu_order":0,"comment_status":"closed","ping_status":"closed","template":"","meta":{"footnotes":""},"class_list":["post-278","page","type-page","status-publish","hentry"],"_links":{"self":[{"href":"https:\/\/www.ibl-hiebl.de\/index.php?rest_route=\/wp\/v2\/pages\/278","targetHints":{"allow":["GET"]}}],"collection":[{"href":"https:\/\/www.ibl-hiebl.de\/index.php?rest_route=\/wp\/v2\/pages"}],"about":[{"href":"https:\/\/www.ibl-hiebl.de\/index.php?rest_route=\/wp\/v2\/types\/page"}],"author":[{"embeddable":true,"href":"https:\/\/www.ibl-hiebl.de\/index.php?rest_route=\/wp\/v2\/users\/1"}],"replies":[{"embeddable":true,"href":"https:\/\/www.ibl-hiebl.de\/index.php?rest_route=%2Fwp%2Fv2%2Fcomments&post=278"}],"version-history":[{"count":69,"href":"https:\/\/www.ibl-hiebl.de\/index.php?rest_route=\/wp\/v2\/pages\/278\/revisions"}],"predecessor-version":[{"id":2715,"href":"https:\/\/www.ibl-hiebl.de\/index.php?rest_route=\/wp\/v2\/pages\/278\/revisions\/2715"}],"up":[{"embeddable":true,"href":"https:\/\/www.ibl-hiebl.de\/index.php?rest_route=\/wp\/v2\/pages\/73"}],"wp:attachment":[{"href":"https:\/\/www.ibl-hiebl.de\/index.php?rest_route=%2Fwp%2Fv2%2Fmedia&parent=278"}],"curies":[{"name":"wp","href":"https:\/\/api.w.org\/{rel}","templated":true}]}}