{"id":2592,"date":"2020-06-04T11:57:30","date_gmt":"2020-06-04T09:57:30","guid":{"rendered":"https:\/\/www.ibl-hiebl.de\/?page_id=2592"},"modified":"2020-06-04T12:08:03","modified_gmt":"2020-06-04T10:08:03","slug":"cookie-policy-eu","status":"publish","type":"page","link":"https:\/\/www.ibl-hiebl.de\/?page_id=2592","title":{"rendered":"Cookie-Erkl\u00e4rung (EU)"},"content":{"rendered":"<p><em>Diese Cookie-Erkl\u00e4rung wurde zuletzt am 4. Juni 2020 aktualisiert und gilt f\u00fcr B\u00fcrger der Europ\u00e4ischen Wirtschaftszone.<\/em><\/p>\n<h3>1. Einf\u00fchrung<\/h3>\n<p>Unsere Website, <a href=\"https:\/\/www.ibl-hiebl.de\">https:\/\/www.ibl-hiebl.de<\/a> (im folgenden: &#8222;Die Website&#8220;) verwendet Cookies und \u00e4hnliche Technologien (der Einfachheit halber werden all diese unter &#8222;Cookies&#8220; zusammengefasst). Cookies werden au\u00dferdem von uns beauftragten Drittparteien platziert. In dem unten stehendem Dokument informieren wir Sie \u00fcber die Verwendung von Cookies auf unserer Website.<\/p>\n<h3>2. Was sind Cookies?<\/h3>\n<p>Ein Cookie ist eine einfache kleine Datei, die gemeinsam mit den Seiten einer Internetadresse versendet und vom Webbrowser auf dem PC oder einem anderen Ger\u00e4t gespeichert werden kann. Die darin gespeicherten Informationen k\u00f6nnen w\u00e4hrend folgender Besuche zu unseren oder den Servern relevanter Drittanbieter gesendet werden.<\/p>\n<h3>3. Was sind Skripte?<\/h3>\n<p>Ein Skript ist ein Teil des Programmcodes, mit dem unsere Website ordnungsgem\u00e4\u00df und interaktiv funktioniert. Dieser Code wird auf unserem Server oder auf Ihrem Ger\u00e4t ausgef\u00fchrt.<\/p>\n<h3>4. Was ist ein Web beacon?<\/h3>\n<p>Ein Web-Beacon (auch Pixel-Tag genannt), ist ein kleines unsichtbares Textfragment oder Bild auf einer Website, das benutzt wird, um den Verkehr auf der Website zu \u00fcberwachen. Um dies zu erm\u00f6glichen werden diverse Daten von Ihnen mittels Web-Beacons gespeichert.<\/p>\n<h3>5. Zustimmung<\/h3>\n<p>Wenn Sie unsere Website das erste Mal besuchen, zeigen wir Ihnen ein Pop-Up mit einer Erkl\u00e4rung \u00fcber Cookies. Sobald Sie auf &#8222;Einstellungen speichern&#8220; klickst, geben Sie uns Ihr Einverst\u00e4ndnis alle von Ihnen gew\u00e4hlten Kategorien von Cookies und Plugins wie in dieser Cookie-Erkl\u00e4rung beschrieben zu verwenden. Sie k\u00f6nnen die Verwendung von Cookies \u00fcber Ihren Browser deaktivieren, aber bitte beachten Sie, dass unsere Website dann unter Umst\u00e4nden nicht richtig funktioniert.<\/p>\n<p>5.1 Verwalten Sie Ihre Zustimmungseinstellungen<\/p>\n<p>Funktional<\/p>\n<p>Marketing<\/p>\n<h3>6. Cookies<\/h3>\n<p>6.1 Technische oder funktionelle Cookies<\/p>\n<p>Einige Cookies stellen sicher, dass Teile unserer Website richtig funktionieren und Ihre Nutzervorlieben bekannt bleiben. Durch das Platzieren funktionaler Cookies machen wir es Ihnen einfacher unsere Website zu besuchen. Auf diese Weise m\u00fcssen Sie bei Besuchen unserer Website nicht wiederholt die gleichen Informationen eingeben, oder Ihre Gegenst\u00e4nde bleiben beispielsweise in Ihrem Warenkorb bis Sie bezahlen. Wir k\u00f6nnen diese Cookies ohne Ihr Einverst\u00e4ndnis platzieren.<\/p>\n<p>6.2 Analysecookies<\/p>\n<p>Wir verwenden keine Analysecookies auf dieser Website.<\/p>\n<p>6.3 Werbecookies<\/p>\n<p>Wir verwenden keine Werbecookies auf dieser Website.<\/p>\n<p>6.4 Soziale-Medien-Buttons<\/p>\n<p>Auf unserer Website nutzen wir keine Soziale-Medien-Buttons um Internetseiten zu bewerten oder in sozialen Netzwerken zu teilen.<\/p>\n<h3>7. Platzierte Cookies<\/h3>\n<h4><strong>Cookie Notice for GDPR<\/strong><\/h4>\n<p>Wir verwenden Cookie Notice for GDPR f\u00fcr Verwaltung der Cookie-Einwilligung. <a href=\"https:\/\/cookiedatabase.org\/service\/cookie-notice-for-gdpr\">Weiterlesen<\/a><\/p>\n<table width=\"100%\">\n<tbody>\n<tr>\n<td>Name<\/td>\n<td>Aufbewahrung<\/td>\n<td>Funktion<\/td>\n<\/tr>\n<tr>\n<td><strong>funktionelle<\/strong><\/td>\n<td>&nbsp;<\/td>\n<td>&nbsp;<\/td>\n<\/tr>\n<tr>\n<td><a href=\"https:\/\/cookiedatabase.org\/cookie\/cookie-notice-for-gdpr\/cookie_notice_accepted\">cookie_notice_accepted<\/a><\/td>\n<td>hartn\u00e4ckig<\/td>\n<td>\u00fcberpr\u00fcft, ob Cookies gesetzt werden k\u00f6nnen<\/td>\n<\/tr>\n<\/tbody>\n<\/table>\n<h5><strong>Weitergabe<\/strong><\/h5>\n<p>Diese Daten werden nicht an Dritte weitergegeben.<\/p>\n<h3>8. Ihre Rechte in Bezug auf pers\u00f6nliche Daten<\/h3>\n<p>Sie haben in Bezug auf Ihre pers\u00f6nlichen Daten die folgenden Rechte:<\/p>\n<ul>\n<li>Sie haben das Recht zu wissen, warum Ihre pers\u00f6nlichen Daten gebraucht werden, was mit ihnen passiert und wie lange diese verwahrt werden.<\/li>\n<li>Zugriffsrecht: Sie haben das Recht Ihre uns bekannten pers\u00f6nlichen Daten einzusehen.<\/li>\n<li>Recht auf Berichtigung: Sie haben das Recht wann immer Sie w\u00fcnschen, Ihre pers\u00f6nlichen Daten zu erg\u00e4nzen, zu korrigieren sowie gel\u00f6scht oder blockiert zu bekommen.<\/li>\n<li>Wenn Sie uns Ihr Einverst\u00e4ndnis zur Verarbeitung Ihrer Daten gegeben haben, haben Sie das Recht dieses Einverst\u00e4ndnis zu widerrufen und Ihre pers\u00f6nlichen Daten l\u00f6schen zu lassen.<\/li>\n<li>Recht auf Datentransfer Ihrer Daten: Sie haben das Recht, alle Ihre pers\u00f6nlichen Daten von einem Kontrolleur anzufordern und in ihrer Gesamtheit zu einem anderen Kontrolleur zu transferieren.<\/li>\n<li>Widerspruchsrecht: Sie k\u00f6nnen der Verarbeitung Ihrer Daten widersprechen. Wir entsprechen dem, es sei denn es gibt berechtigte Gr\u00fcnde f\u00fcr die Verarbeitung.<\/li>\n<\/ul>\n<p>Um diese Rechte auszu\u00fcben kontaktieren Sie uns bitte. Bitte beziehen Sie sich auf die Kontaktdaten am Ende dieser Cookie-Erkl\u00e4rung. Wenn Sie eine Beschwerde dar\u00fcber haben, wie wir Ihre Daten behandeln w\u00fcrden wir diese gerne h\u00f6ren, aber Sie haben auch das Recht diese an die Aufsichtsbeh\u00f6rde (der Datenschutzbeh\u00f6rde) zu richten.<\/p>\n<h3>9. Aktivierung\/Deaktivierung und L\u00f6schen von Cookies<\/h3>\n<p>Sie k\u00f6nnen Ihren Internetbrowser verwenden um automatisch oder manuell Cookies zu l\u00f6schen. Sie k\u00f6nnen au\u00dferdem spezifizieren ob spezielle Cookies nicht platziert werden sollen. Eine andere M\u00f6glichkeit ist es Ihren Internetbrowser derart einzurichten, dass Sie jedes Mal benachrichtigt wirst, wenn ein Cookie platziert wird. F\u00fcr weitere Information \u00fcber diese M\u00f6glichkeiten beachten Sie die Anweisungen in der Hilfesektion Ihres Browsers.<\/p>\n<p>Bitte nehmen Sie zur Kenntnis, dass unsere Website m\u00f6glicherweise nicht richtig funktioniert wenn alle Cookies deaktiviert sind. Wenn Sie die Cookies in Ihrem Browser l\u00f6schen, werden diese neu platziert wenn Sie unsere Website erneut besuchen.<\/p>\n<h3>10. Kontaktdaten<\/h3>\n<p>F\u00fcr Fragen und\/oder Kommentare \u00fcber unsere Cookie-Richtlinien und diese Aussage kontaktieren Sie uns bitte mittels der folgenden Kontaktdaten:<\/p>\n<p>Institut f\u00fcr Berufsbildung und Lerntechnik Peter Hiebl<br \/>\nDresdner Stra\u00dfe 9, 92421 Schwandorf<br \/>\nDeutschland<br \/>\nWebsite: <a href=\"https:\/\/www.ibl-hiebl.de\">https:\/\/www.ibl-hiebl.de<\/a><br \/>\nE-Mail: <a href=\"mailto:info@ibl-hiebl.de\">info@ibl-hiebl.de<\/a><br \/>\nTelefonnummer: 09431 742125<\/p>\n<p>Diese Cookie-Richtlinie wurde zum Abgleich mit <a href=\"https:\/\/cookiedatabase.org\/\">cookiedatabase.org<\/a> am 4. Juni 2020 synchronisiert.<\/p>\n","protected":false},"excerpt":{"rendered":"<p>Diese Cookie-Erkl\u00e4rung wurde zuletzt am 4. Juni 2020 aktualisiert und gilt f\u00fcr B\u00fcrger der Europ\u00e4ischen Wirtschaftszone. 1. Einf\u00fchrung Unsere Website, https:\/\/www.ibl-hiebl.de (im folgenden: &#8222;Die Website&#8220;) verwendet Cookies und \u00e4hnliche Technologien (der Einfachheit halber werden all diese unter &#8222;Cookies&#8220; zusammengefasst). Cookies &hellip; <a href=\"https:\/\/www.ibl-hiebl.de\/?page_id=2592\">Weiterlesen <span class=\"meta-nav\">&rarr;<\/span><\/a><\/p>\n","protected":false},"author":1,"featured_media":0,"parent":1995,"menu_order":4,"comment_status":"closed","ping_status":"closed","template":"","meta":{"footnotes":""},"_links":{"self":[{"href":"https:\/\/www.ibl-hiebl.de\/index.php?rest_route=\/wp\/v2\/pages\/2592"}],"collection":[{"href":"https:\/\/www.ibl-hiebl.de\/index.php?rest_route=\/wp\/v2\/pages"}],"about":[{"href":"https:\/\/www.ibl-hiebl.de\/index.php?rest_route=\/wp\/v2\/types\/page"}],"author":[{"embeddable":true,"href":"https:\/\/www.ibl-hiebl.de\/index.php?rest_route=\/wp\/v2\/users\/1"}],"replies":[{"embeddable":true,"href":"https:\/\/www.ibl-hiebl.de\/index.php?rest_route=%2Fwp%2Fv2%2Fcomments&post=2592"}],"version-history":[{"count":3,"href":"https:\/\/www.ibl-hiebl.de\/index.php?rest_route=\/wp\/v2\/pages\/2592\/revisions"}],"predecessor-version":[{"id":2596,"href":"https:\/\/www.ibl-hiebl.de\/index.php?rest_route=\/wp\/v2\/pages\/2592\/revisions\/2596"}],"up":[{"embeddable":true,"href":"https:\/\/www.ibl-hiebl.de\/index.php?rest_route=\/wp\/v2\/pages\/1995"}],"wp:attachment":[{"href":"https:\/\/www.ibl-hiebl.de\/index.php?rest_route=%2Fwp%2Fv2%2Fmedia&parent=2592"}],"curies":[{"name":"wp","href":"https:\/\/api.w.org\/{rel}","templated":true}]}}