{"id":239,"date":"2013-04-24T08:30:44","date_gmt":"2013-04-24T06:30:44","guid":{"rendered":"http:\/\/www.ibl-bildung.de\/ibl-bildung\/?page_id=239"},"modified":"2020-06-04T12:04:15","modified_gmt":"2020-06-04T10:04:15","slug":"agb","status":"publish","type":"page","link":"https:\/\/www.ibl-hiebl.de\/?page_id=239","title":{"rendered":"AGB"},"content":{"rendered":"<h2 style=\"text-align: justify;\"><strong>Allgemeine Gesch\u00e4ftsbedingungen<\/strong><\/h2>\n<p style=\"text-align: justify;\"><strong><span style=\"font-size: medium;\"><span style=\"color: #000000;\">Firmenseminare\/berufsbegleitende Lehrg\u00e4nge\/Abend- und Samstagskurse<\/span><br \/>\n<\/span><\/strong><br \/>\n<span style=\"font-size: medium;\">\u00a0<strong>Anmeldung<\/strong><\/span><\/p>\n<p style=\"text-align: justify;\"><span style=\"font-size: medium;\">Unsere Kurse erfordern eine Mindestteilnehmerzahl.<br \/>\nBitte melden Sie sich daher m\u00f6glichst fr\u00fchzeitig an und beachten Sie den Anmeldeschluss.<br \/>\n<\/span><\/p>\n<p style=\"text-align: justify;\"><span style=\"font-size: medium;\">Ihre Anmeldung ist verbindlich. Sie erhalten von uns eine Anmeldebest\u00e4tigung.<br \/>\n<\/span><\/p>\n<p style=\"text-align: justify;\"><span style=\"font-size: medium;\">Die Rechnungsstellung erfolgt nach Anmeldeschluss.<br \/>\n<\/span><\/p>\n<p style=\"text-align: justify;\"><span style=\"font-size: medium;\">Wir bitten um \u00dcberweisung der Kursgeb\u00fchren unter Angabe Ihres Namens und der Kursbezeichnung.<\/span><\/p>\n<p style=\"text-align: justify;\"><strong><span style=\"font-size: medium;\">R\u00fccktritt<\/span><\/strong><\/p>\n<p style=\"text-align: justify;\"><span style=\"font-size: medium;\">Eine Stornierung muss schriftlich erfolgen und ist bis zwei Wochen vor Kursbeginn m\u00f6glich.<br \/>\n<\/span><\/p>\n<p style=\"text-align: justify;\"><span style=\"font-size: medium;\">Als Unkostenpauschale werden in diesem Fall 15,00 \u20ac berechnet.<br \/>\n<\/span><\/p>\n<p style=\"text-align: justify;\"><span style=\"font-size: medium;\">Bei einem sp\u00e4teren R\u00fccktritt oder Nichtteilnahme ohne Absage wird grunds\u00e4tzlich die volle Teilnahmegeb\u00fchr f\u00e4llig.<\/span><\/p>\n<h3 style=\"text-align: justify;\"><\/h3>\n<h3 style=\"text-align: justify;\"><strong><span style=\"font-size: medium;\">Veranstaltungsausfall<\/span><\/strong><\/h3>\n<p style=\"text-align: justify;\" align=\"justify\"><span style=\"font-size: medismall;\">F\u00e4llt eine Veranstaltung wegen zu geringer Teilnehmerzahl oder aus sonstigen unvorhersehbaren Gr\u00fcnden aus, werden Sie benachrichtigt und eine bereits entrichtete Teilnahmegeb\u00fchr wird in voller H\u00f6he erstattet. F\u00fcr eventuell weitere der Teilnehmerin\/dem Teilnehmer entstandene Kosten wird keine Haftung \u00fcbernommen.\u00a0 <\/span><\/p>\n","protected":false},"excerpt":{"rendered":"<p>Allgemeine Gesch\u00e4ftsbedingungen Firmenseminare\/berufsbegleitende Lehrg\u00e4nge\/Abend- und Samstagskurse \u00a0Anmeldung Unsere Kurse erfordern eine Mindestteilnehmerzahl. Bitte melden Sie sich daher m\u00f6glichst fr\u00fchzeitig an und beachten Sie den Anmeldeschluss. Ihre Anmeldung ist verbindlich. Sie erhalten von uns eine Anmeldebest\u00e4tigung. Die Rechnungsstellung erfolgt nach Anmeldeschluss. &hellip; <a href=\"https:\/\/www.ibl-hiebl.de\/?page_id=239\">Weiterlesen <span class=\"meta-nav\">&rarr;<\/span><\/a><\/p>\n","protected":false},"author":1,"featured_media":0,"parent":1995,"menu_order":3,"comment_status":"closed","ping_status":"closed","template":"","meta":{"footnotes":""},"class_list":["post-239","page","type-page","status-publish","hentry"],"_links":{"self":[{"href":"https:\/\/www.ibl-hiebl.de\/index.php?rest_route=\/wp\/v2\/pages\/239","targetHints":{"allow":["GET"]}}],"collection":[{"href":"https:\/\/www.ibl-hiebl.de\/index.php?rest_route=\/wp\/v2\/pages"}],"about":[{"href":"https:\/\/www.ibl-hiebl.de\/index.php?rest_route=\/wp\/v2\/types\/page"}],"author":[{"embeddable":true,"href":"https:\/\/www.ibl-hiebl.de\/index.php?rest_route=\/wp\/v2\/users\/1"}],"replies":[{"embeddable":true,"href":"https:\/\/www.ibl-hiebl.de\/index.php?rest_route=%2Fwp%2Fv2%2Fcomments&post=239"}],"version-history":[{"count":8,"href":"https:\/\/www.ibl-hiebl.de\/index.php?rest_route=\/wp\/v2\/pages\/239\/revisions"}],"predecessor-version":[{"id":1954,"href":"https:\/\/www.ibl-hiebl.de\/index.php?rest_route=\/wp\/v2\/pages\/239\/revisions\/1954"}],"up":[{"embeddable":true,"href":"https:\/\/www.ibl-hiebl.de\/index.php?rest_route=\/wp\/v2\/pages\/1995"}],"wp:attachment":[{"href":"https:\/\/www.ibl-hiebl.de\/index.php?rest_route=%2Fwp%2Fv2%2Fmedia&parent=239"}],"curies":[{"name":"wp","href":"https:\/\/api.w.org\/{rel}","templated":true}]}}