{"id":2340,"date":"2017-12-02T00:00:01","date_gmt":"2017-12-01T22:00:01","guid":{"rendered":"http:\/\/www.ibl-hiebl.de\/?page_id=2340"},"modified":"2017-10-30T12:25:55","modified_gmt":"2017-10-30T10:25:55","slug":"7-konzentration-verbessern","status":"publish","type":"page","link":"https:\/\/www.ibl-hiebl.de\/?page_id=2340","title":{"rendered":"#7: Konzentration verbessern"},"content":{"rendered":"<p><img loading=\"lazy\" decoding=\"async\" class=\"alignleft size-large wp-image-2347\" src=\"https:\/\/www.ibl-hiebl.de\/wp-content\/uploads\/2014\/08\/IBL_Lernen-lernen-1024x524.png\" alt=\"\" width=\"640\" height=\"328\" srcset=\"https:\/\/www.ibl-hiebl.de\/wp-content\/uploads\/2014\/08\/IBL_Lernen-lernen-1024x524.png 1024w, https:\/\/www.ibl-hiebl.de\/wp-content\/uploads\/2014\/08\/IBL_Lernen-lernen-300x154.png 300w, https:\/\/www.ibl-hiebl.de\/wp-content\/uploads\/2014\/08\/IBL_Lernen-lernen-768x393.png 768w, https:\/\/www.ibl-hiebl.de\/wp-content\/uploads\/2014\/08\/IBL_Lernen-lernen-900x461.png 900w\" sizes=\"auto, (max-width: 640px) 100vw, 640px\" \/><\/p>\n<h2><strong>Lernen-Serie #7: Konzentration verbessern<\/strong><\/h2>\n<p>Der Lernplan steht &#8211; aber Sie lesen das Skript nun schon zum dritten Mal, ohne zu wissen, was darin steht? Dann lautet die Frage: <strong>Wie verbessern Sie Ihre Konzentration?<\/strong><\/p>\n<p><strong>AUSREICHEND SCHLAF<\/strong>: Wer am Schlaf spart, um mehr Zeit zum Lernen zu haben, liegt falsch &#8211; lieber mehr schlafen, ausgeruhter sein und somit erfolgreicher lernen.<\/p>\n<p><strong>ESSEN UND TRINKEN<\/strong>: Weder hungrig noch durstig lernt es sich gut. Vor allem ausreichend trinken f\u00f6rdert die Konzentration.<\/p>\n<p><strong>ABLENKUNG VERMEIDEN<\/strong>: Fernseher, Facebook und Handy aus, Telefon auf den Anrufbeantworter umstellen, Kinder besch\u00e4ftigen \u2013 das ist das Minimum. Wenn Sie einen Lernplan haben, k\u00f6nnen Sie z. B. rechtzeitig organisieren, dass die Kinder bei Freunden sind. Au\u00dferdem: Von dort, wo Sie lernen, sollten Sie weder auf unerledigte Arbeit wie die B\u00fcgelw\u00e4sche oder eine To-do-Liste sehen k\u00f6nnen noch auf ein Foto, das Sie zum Tr\u00e4umen bringt.<\/p>\n<p><strong>MUSIK<\/strong>: Manchen Menschen hilft es, Musik im Hintergrund laufen zu lassen, wenn sie lernen. Versuchen Sie es mit ruhiger Musik, die nicht zu sehr ablenkt, und finden Sie heraus, ob Sie zu diesen Menschen geh\u00f6ren!<\/p>\n<p><strong>FESTER LERNORT<\/strong>: Man kann bestimmte Orte mit Lernen und Konzentration verbinden. Das kann z. B. ein bestimmter Sessel, der Schreibtisch, ein Platz im Garten o. \u00e4. sein. Dort halten Sie sich <strong>nur zum Lernen<\/strong> auf. Dieser Ort muss zum einen frei von Ablenkungen sein und zum anderen muss es ein Ort sein, an dem Sie sich wohlf\u00fchlen. Dazu geh\u00f6ren ein angenehmes Licht, gute Luft (vielleicht sogar ein sch\u00f6ner Duft), wenig Nebenger\u00e4usche und ein bequemer Sitzplatz. Machen Sie es sich gem\u00fctlich!<\/p>\n<p><strong>Wichtig<\/strong>: Lernen Sie nie im Bett, denn dieser Ort ist mit Schlafen verbunden.<\/p>\n<p><img loading=\"lazy\" decoding=\"async\" class=\"alignleft size-full wp-image-2310\" src=\"https:\/\/www.ibl-hiebl.de\/wp-content\/uploads\/2014\/08\/Lernecke.jpg\" alt=\"\" width=\"960\" height=\"640\" srcset=\"https:\/\/www.ibl-hiebl.de\/wp-content\/uploads\/2014\/08\/Lernecke.jpg 960w, https:\/\/www.ibl-hiebl.de\/wp-content\/uploads\/2014\/08\/Lernecke-300x200.jpg 300w, https:\/\/www.ibl-hiebl.de\/wp-content\/uploads\/2014\/08\/Lernecke-768x512.jpg 768w, https:\/\/www.ibl-hiebl.de\/wp-content\/uploads\/2014\/08\/Lernecke-900x600.jpg 900w\" sizes=\"auto, (max-width: 960px) 100vw, 960px\" \/><\/p>\n<p>&nbsp;<\/p>\n<p><strong>KAUGUMMIKAUEN<\/strong>: Das ist kein Scherz! Kauen aktiviert die Konzentrationsf\u00e4higkeit, haben Wissenschaftler herausgefunden.<\/p>\n<p><strong>BEWEGUNGS\u00dcBUNGEN<\/strong>: Es gibt bestimmte Bewegungsabl\u00e4ufe, die daf\u00fcr sorgen, dass unsere beiden Gehirnh\u00e4lften besser zusammenarbeiten. Je besser sie das tun, desto besser k\u00f6nnen Sie den Lernstoff aufnehmen, da Verstand und Kreativit\u00e4t dann \u201can einem Strang\u201d ziehen. Eine dieser \u00dcbungen ist es, die Arme gegenl\u00e4ufig wie Windm\u00fchlen zu drehen.<\/p>\n<p>&nbsp;<\/p>\n<p>&nbsp;<\/p>\n","protected":false},"excerpt":{"rendered":"<p>Lernen-Serie #7: Konzentration verbessern Der Lernplan steht &#8211; aber Sie lesen das Skript nun schon zum dritten Mal, ohne zu wissen, was darin steht? Dann lautet die Frage: Wie verbessern Sie Ihre Konzentration? AUSREICHEND SCHLAF: Wer am Schlaf spart, um &hellip; <a href=\"https:\/\/www.ibl-hiebl.de\/?page_id=2340\">Weiterlesen <span class=\"meta-nav\">&rarr;<\/span><\/a><\/p>\n","protected":false},"author":1,"featured_media":0,"parent":2307,"menu_order":6,"comment_status":"closed","ping_status":"closed","template":"","meta":{"footnotes":""},"class_list":["post-2340","page","type-page","status-publish","hentry"],"_links":{"self":[{"href":"https:\/\/www.ibl-hiebl.de\/index.php?rest_route=\/wp\/v2\/pages\/2340","targetHints":{"allow":["GET"]}}],"collection":[{"href":"https:\/\/www.ibl-hiebl.de\/index.php?rest_route=\/wp\/v2\/pages"}],"about":[{"href":"https:\/\/www.ibl-hiebl.de\/index.php?rest_route=\/wp\/v2\/types\/page"}],"author":[{"embeddable":true,"href":"https:\/\/www.ibl-hiebl.de\/index.php?rest_route=\/wp\/v2\/users\/1"}],"replies":[{"embeddable":true,"href":"https:\/\/www.ibl-hiebl.de\/index.php?rest_route=%2Fwp%2Fv2%2Fcomments&post=2340"}],"version-history":[{"count":2,"href":"https:\/\/www.ibl-hiebl.de\/index.php?rest_route=\/wp\/v2\/pages\/2340\/revisions"}],"predecessor-version":[{"id":2354,"href":"https:\/\/www.ibl-hiebl.de\/index.php?rest_route=\/wp\/v2\/pages\/2340\/revisions\/2354"}],"up":[{"embeddable":true,"href":"https:\/\/www.ibl-hiebl.de\/index.php?rest_route=\/wp\/v2\/pages\/2307"}],"wp:attachment":[{"href":"https:\/\/www.ibl-hiebl.de\/index.php?rest_route=%2Fwp%2Fv2%2Fmedia&parent=2340"}],"curies":[{"name":"wp","href":"https:\/\/api.w.org\/{rel}","templated":true}]}}