{"id":181,"date":"2013-04-22T16:06:29","date_gmt":"2013-04-22T14:06:29","guid":{"rendered":"http:\/\/www.ibl-bildung.de\/ibl-bildung\/?page_id=181"},"modified":"2013-07-23T14:18:35","modified_gmt":"2013-07-23T12:18:35","slug":"schwandorf","status":"publish","type":"page","link":"https:\/\/www.ibl-hiebl.de\/?page_id=181","title":{"rendered":"Schwandorf"},"content":{"rendered":"<p style=\"text-align: justify;\"><img loading=\"lazy\" decoding=\"async\" class=\"alignnone  wp-image-1393\" alt=\"haus\" src=\"https:\/\/www.ibl-hiebl.de\/wp-content\/uploads\/2013\/04\/haus-1024x682.jpg\" width=\"370\" height=\"246\" srcset=\"https:\/\/www.ibl-hiebl.de\/wp-content\/uploads\/2013\/04\/haus-1024x682.jpg 1024w, https:\/\/www.ibl-hiebl.de\/wp-content\/uploads\/2013\/04\/haus-300x200.jpg 300w, https:\/\/www.ibl-hiebl.de\/wp-content\/uploads\/2013\/04\/haus.jpg 1152w\" sizes=\"auto, (max-width: 370px) 100vw, 370px\" \/><\/p>\n<p>Es befinden sich in der Dresdner Stra\u00dfe 9, auf ca. 650 m\u00b2 verteilt,\u00a0 insgesamt 6 gro\u00dfz\u00fcgig angelegte EDV- und Schulungsr\u00e4ume.<\/p>\n<p style=\"text-align: justify;\">Die R\u00e4ume werden vom IBL und der angeschlossenen Altenpflegeschule gemeinsam genutzt.<\/p>\n<p>Direkt am Haus sind 45 kostenlose Parkpl\u00e4tze vorhanden. Weitere Parkm\u00f6glichkeiten befinden sich in unmittelbarer N\u00e4he.<\/p>\n<p><img loading=\"lazy\" decoding=\"async\" class=\"alignnone  wp-image-1333\" alt=\"edv-raum\" src=\"https:\/\/www.ibl-hiebl.de\/wp-content\/uploads\/2013\/07\/edv-raum.jpg\" width=\"299\" height=\"199\" srcset=\"https:\/\/www.ibl-hiebl.de\/wp-content\/uploads\/2013\/07\/edv-raum.jpg 576w, https:\/\/www.ibl-hiebl.de\/wp-content\/uploads\/2013\/07\/edv-raum-300x200.jpg 300w\" sizes=\"auto, (max-width: 299px) 100vw, 299px\" \/>\u00a0 <img loading=\"lazy\" decoding=\"async\" class=\"alignnone  wp-image-188\" alt=\"pausenzone\" src=\"https:\/\/www.ibl-hiebl.de\/wp-content\/uploads\/2013\/04\/pausenzone.jpg\" width=\"276\" height=\"198\" \/><br \/>\nEDV-Raum\u00a0\u00a0\u00a0\u00a0\u00a0\u00a0\u00a0\u00a0\u00a0\u00a0\u00a0\u00a0\u00a0\u00a0\u00a0\u00a0\u00a0\u00a0\u00a0\u00a0\u00a0\u00a0\u00a0\u00a0\u00a0\u00a0\u00a0\u00a0\u00a0 \u00a0\u00a0\u00a0 \u00a0 \u00a0 \u00a0 \u00a0 \u00a0 \u00a0 \u00a0\u00a0 \u00a0\u00a0\u00a0 Pausenzone<\/p>\n<p><img loading=\"lazy\" decoding=\"async\" class=\"alignnone  wp-image-1386\" alt=\"pavillion_2\" src=\"https:\/\/www.ibl-hiebl.de\/wp-content\/uploads\/2013\/04\/pavillion_2-300x200.jpg\" width=\"301\" height=\"200\" srcset=\"https:\/\/www.ibl-hiebl.de\/wp-content\/uploads\/2013\/04\/pavillion_2-300x200.jpg 300w, https:\/\/www.ibl-hiebl.de\/wp-content\/uploads\/2013\/04\/pavillion_2.jpg 576w\" sizes=\"auto, (max-width: 301px) 100vw, 301px\" \/>\u00a0 <img loading=\"lazy\" decoding=\"async\" class=\"alignnone  wp-image-1335\" alt=\"garten\" src=\"https:\/\/www.ibl-hiebl.de\/wp-content\/uploads\/2013\/07\/garten.jpg\" width=\"270\" height=\"200\" \/><br \/>\nPavillion\u00a0\u00a0\u00a0\u00a0\u00a0\u00a0\u00a0\u00a0\u00a0\u00a0\u00a0\u00a0\u00a0\u00a0\u00a0\u00a0\u00a0\u00a0\u00a0 \u00a0 \u00a0 \u00a0 \u00a0\u00a0\u00a0\u00a0\u00a0\u00a0\u00a0\u00a0\u00a0\u00a0\u00a0\u00a0\u00a0\u00a0\u00a0\u00a0\u00a0 \u00a0 \u00a0 \u00a0\u00a0\u00a0 Gartenzone<\/p>\n<p style=\"text-align: center;\">\n","protected":false},"excerpt":{"rendered":"<p>Es befinden sich in der Dresdner Stra\u00dfe 9, auf ca. 650 m\u00b2 verteilt,\u00a0 insgesamt 6 gro\u00dfz\u00fcgig angelegte EDV- und Schulungsr\u00e4ume. Die R\u00e4ume werden vom IBL und der angeschlossenen Altenpflegeschule gemeinsam genutzt. Direkt am Haus sind 45 kostenlose Parkpl\u00e4tze vorhanden. Weitere &hellip; <a href=\"https:\/\/www.ibl-hiebl.de\/?page_id=181\">Weiterlesen <span class=\"meta-nav\">&rarr;<\/span><\/a><\/p>\n","protected":false},"author":1,"featured_media":0,"parent":105,"menu_order":0,"comment_status":"closed","ping_status":"closed","template":"","meta":{"footnotes":""},"class_list":["post-181","page","type-page","status-publish","hentry"],"_links":{"self":[{"href":"https:\/\/www.ibl-hiebl.de\/index.php?rest_route=\/wp\/v2\/pages\/181","targetHints":{"allow":["GET"]}}],"collection":[{"href":"https:\/\/www.ibl-hiebl.de\/index.php?rest_route=\/wp\/v2\/pages"}],"about":[{"href":"https:\/\/www.ibl-hiebl.de\/index.php?rest_route=\/wp\/v2\/types\/page"}],"author":[{"embeddable":true,"href":"https:\/\/www.ibl-hiebl.de\/index.php?rest_route=\/wp\/v2\/users\/1"}],"replies":[{"embeddable":true,"href":"https:\/\/www.ibl-hiebl.de\/index.php?rest_route=%2Fwp%2Fv2%2Fcomments&post=181"}],"version-history":[{"count":29,"href":"https:\/\/www.ibl-hiebl.de\/index.php?rest_route=\/wp\/v2\/pages\/181\/revisions"}],"predecessor-version":[{"id":1582,"href":"https:\/\/www.ibl-hiebl.de\/index.php?rest_route=\/wp\/v2\/pages\/181\/revisions\/1582"}],"up":[{"embeddable":true,"href":"https:\/\/www.ibl-hiebl.de\/index.php?rest_route=\/wp\/v2\/pages\/105"}],"wp:attachment":[{"href":"https:\/\/www.ibl-hiebl.de\/index.php?rest_route=%2Fwp%2Fv2%2Fmedia&parent=181"}],"curies":[{"name":"wp","href":"https:\/\/api.w.org\/{rel}","templated":true}]}}